{"id":4785,"date":"2023-01-03T09:46:45","date_gmt":"2023-01-03T09:46:45","guid":{"rendered":"https:\/\/kenobi.meva.net\/hu-hu\/?page_id=4785"},"modified":"2023-01-03T10:07:33","modified_gmt":"2023-01-03T10:07:33","slug":"eredeti-meva-hasznalt-zsaluzatok","status":"publish","type":"page","link":"https:\/\/kenobi.meva.net\/hu-hu\/eredeti-meva-hasznalt-zsaluzatok\/","title":{"rendered":"Eredeti MEVA haszn\u00e1lt zsaluzatok"},"content":{"rendered":"","protected":false},"excerpt":{"rendered":"","protected":false},"author":7,"featured_media":0,"parent":0,"menu_order":0,"comment_status":"closed","ping_status":"closed","template":"template-building-blocks-better.php","meta":[],"acf":[],"yoast_head":"<!-- This site is optimized with the Yoast SEO plugin v19.13 - https:\/\/yoast.com\/wordpress\/plugins\/seo\/ -->\n<title>Eredeti MEVA haszn\u00e1lt zsaluzatok - MEVA Hungary (HU)<\/title>\n<meta name=\"description\" content=\"A MEVA a legkiv\u00e1l\u00f3bb gy\u00e1ri min\u0151s\u00e9get k\u00edn\u00e1lja. Ez\u00e9rt haszn\u00e1lt zsaluink kereteire \u00e9s az alkus m\u0171anyag zsaluh\u00e9jra t\u00f6bb \u00e9ves garanci\u00e1t* biztos\u00edtunk. Mit jelent ez \u00d6nnek? Megb\u00edzhat\u00f3 tervez\u00e9st \u00e9s gazdas\u00e1goss\u00e1got, dupla garanci\u00e1val.\" \/>\n<meta name=\"robots\" content=\"index, follow, max-snippet:-1, max-image-preview:large, max-video-preview:-1\" \/>\n<link rel=\"canonical\" href=\"https:\/\/kenobi.meva.net\/hu-hu\/eredeti-meva-hasznalt-zsaluzatok\/\" \/>\n<meta property=\"og:locale\" content=\"hu_HU\" \/>\n<meta property=\"og:type\" content=\"article\" \/>\n<meta property=\"og:title\" content=\"Eredeti MEVA haszn\u00e1lt zsaluzatok - MEVA Hungary (HU)\" \/>\n<meta property=\"og:description\" content=\"A MEVA a legkiv\u00e1l\u00f3bb gy\u00e1ri min\u0151s\u00e9get k\u00edn\u00e1lja. Ez\u00e9rt haszn\u00e1lt zsaluink kereteire \u00e9s az alkus m\u0171anyag zsaluh\u00e9jra t\u00f6bb \u00e9ves garanci\u00e1t* biztos\u00edtunk. Mit jelent ez \u00d6nnek? Megb\u00edzhat\u00f3 tervez\u00e9st \u00e9s gazdas\u00e1goss\u00e1got, dupla garanci\u00e1val.\" \/>\n<meta property=\"og:url\" content=\"https:\/\/kenobi.meva.net\/hu-hu\/eredeti-meva-hasznalt-zsaluzatok\/\" \/>\n<meta property=\"og:site_name\" content=\"MEVA Hungary (HU)\" \/>\n<meta property=\"article:modified_time\" content=\"2023-01-03T10:07:33+00:00\" \/>\n<meta name=\"twitter:card\" content=\"summary_large_image\" \/>\n<script type=\"application\/ld+json\" class=\"yoast-schema-graph\">{\"@context\":\"https:\/\/schema.org\",\"@graph\":[{\"@type\":\"WebPage\",\"@id\":\"https:\/\/kenobi.meva.net\/hu-hu\/eredeti-meva-hasznalt-zsaluzatok\/\",\"url\":\"https:\/\/kenobi.meva.net\/hu-hu\/eredeti-meva-hasznalt-zsaluzatok\/\",\"name\":\"Eredeti MEVA haszn\u00e1lt zsaluzatok - MEVA Hungary (HU)\",\"isPartOf\":{\"@id\":\"https:\/\/kenobi.meva.net\/hu-hu\/#website\"},\"datePublished\":\"2023-01-03T09:46:45+00:00\",\"dateModified\":\"2023-01-03T10:07:33+00:00\",\"description\":\"A MEVA a legkiv\u00e1l\u00f3bb gy\u00e1ri min\u0151s\u00e9get k\u00edn\u00e1lja. Ez\u00e9rt haszn\u00e1lt zsaluink kereteire \u00e9s az alkus m\u0171anyag zsaluh\u00e9jra t\u00f6bb \u00e9ves garanci\u00e1t* biztos\u00edtunk. Mit jelent ez \u00d6nnek? Megb\u00edzhat\u00f3 tervez\u00e9st \u00e9s gazdas\u00e1goss\u00e1got, dupla garanci\u00e1val.\",\"breadcrumb\":{\"@id\":\"https:\/\/kenobi.meva.net\/hu-hu\/eredeti-meva-hasznalt-zsaluzatok\/#breadcrumb\"},\"inLanguage\":\"hu\",\"potentialAction\":[{\"@type\":\"ReadAction\",\"target\":[\"https:\/\/kenobi.meva.net\/hu-hu\/eredeti-meva-hasznalt-zsaluzatok\/\"]}]},{\"@type\":\"BreadcrumbList\",\"@id\":\"https:\/\/kenobi.meva.net\/hu-hu\/eredeti-meva-hasznalt-zsaluzatok\/#breadcrumb\",\"itemListElement\":[{\"@type\":\"ListItem\",\"position\":1,\"name\":\"Home\",\"item\":\"https:\/\/kenobi.meva.net\/hu-hu\/\"},{\"@type\":\"ListItem\",\"position\":2,\"name\":\"Eredeti MEVA haszn\u00e1lt zsaluzatok\"}]},{\"@type\":\"WebSite\",\"@id\":\"https:\/\/kenobi.meva.net\/hu-hu\/#website\",\"url\":\"https:\/\/kenobi.meva.net\/hu-hu\/\",\"name\":\"MEVA Hungary (HU)\",\"description\":\"Just another MEVA Sites site\",\"potentialAction\":[{\"@type\":\"SearchAction\",\"target\":{\"@type\":\"EntryPoint\",\"urlTemplate\":\"https:\/\/kenobi.meva.net\/hu-hu\/?s={search_term_string}\"},\"query-input\":\"required name=search_term_string\"}],\"inLanguage\":\"hu\"}]}<\/script>\n<!-- \/ Yoast SEO plugin. -->","yoast_head_json":{"title":"Eredeti MEVA haszn\u00e1lt zsaluzatok - MEVA Hungary (HU)","description":"A MEVA a legkiv\u00e1l\u00f3bb gy\u00e1ri min\u0151s\u00e9get k\u00edn\u00e1lja. Ez\u00e9rt haszn\u00e1lt zsaluink kereteire \u00e9s az alkus m\u0171anyag zsaluh\u00e9jra t\u00f6bb \u00e9ves garanci\u00e1t* biztos\u00edtunk. Mit jelent ez \u00d6nnek? Megb\u00edzhat\u00f3 tervez\u00e9st \u00e9s gazdas\u00e1goss\u00e1got, dupla garanci\u00e1val.","robots":{"index":"index","follow":"follow","max-snippet":"max-snippet:-1","max-image-preview":"max-image-preview:large","max-video-preview":"max-video-preview:-1"},"canonical":"https:\/\/kenobi.meva.net\/hu-hu\/eredeti-meva-hasznalt-zsaluzatok\/","og_locale":"hu_HU","og_type":"article","og_title":"Eredeti MEVA haszn\u00e1lt zsaluzatok - MEVA Hungary (HU)","og_description":"A MEVA a legkiv\u00e1l\u00f3bb gy\u00e1ri min\u0151s\u00e9get k\u00edn\u00e1lja. Ez\u00e9rt haszn\u00e1lt zsaluink kereteire \u00e9s az alkus m\u0171anyag zsaluh\u00e9jra t\u00f6bb \u00e9ves garanci\u00e1t* biztos\u00edtunk. Mit jelent ez \u00d6nnek? Megb\u00edzhat\u00f3 tervez\u00e9st \u00e9s gazdas\u00e1goss\u00e1got, dupla garanci\u00e1val.","og_url":"https:\/\/kenobi.meva.net\/hu-hu\/eredeti-meva-hasznalt-zsaluzatok\/","og_site_name":"MEVA Hungary (HU)","article_modified_time":"2023-01-03T10:07:33+00:00","twitter_card":"summary_large_image","schema":{"@context":"https:\/\/schema.org","@graph":[{"@type":"WebPage","@id":"https:\/\/kenobi.meva.net\/hu-hu\/eredeti-meva-hasznalt-zsaluzatok\/","url":"https:\/\/kenobi.meva.net\/hu-hu\/eredeti-meva-hasznalt-zsaluzatok\/","name":"Eredeti MEVA haszn\u00e1lt zsaluzatok - MEVA Hungary (HU)","isPartOf":{"@id":"https:\/\/kenobi.meva.net\/hu-hu\/#website"},"datePublished":"2023-01-03T09:46:45+00:00","dateModified":"2023-01-03T10:07:33+00:00","description":"A MEVA a legkiv\u00e1l\u00f3bb gy\u00e1ri min\u0151s\u00e9get k\u00edn\u00e1lja. Ez\u00e9rt haszn\u00e1lt zsaluink kereteire \u00e9s az alkus m\u0171anyag zsaluh\u00e9jra t\u00f6bb \u00e9ves garanci\u00e1t* biztos\u00edtunk. Mit jelent ez \u00d6nnek? Megb\u00edzhat\u00f3 tervez\u00e9st \u00e9s gazdas\u00e1goss\u00e1got, dupla garanci\u00e1val.","breadcrumb":{"@id":"https:\/\/kenobi.meva.net\/hu-hu\/eredeti-meva-hasznalt-zsaluzatok\/#breadcrumb"},"inLanguage":"hu","potentialAction":[{"@type":"ReadAction","target":["https:\/\/kenobi.meva.net\/hu-hu\/eredeti-meva-hasznalt-zsaluzatok\/"]}]},{"@type":"BreadcrumbList","@id":"https:\/\/kenobi.meva.net\/hu-hu\/eredeti-meva-hasznalt-zsaluzatok\/#breadcrumb","itemListElement":[{"@type":"ListItem","position":1,"name":"Home","item":"https:\/\/kenobi.meva.net\/hu-hu\/"},{"@type":"ListItem","position":2,"name":"Eredeti MEVA haszn\u00e1lt zsaluzatok"}]},{"@type":"WebSite","@id":"https:\/\/kenobi.meva.net\/hu-hu\/#website","url":"https:\/\/kenobi.meva.net\/hu-hu\/","name":"MEVA Hungary (HU)","description":"Just another MEVA Sites site","potentialAction":[{"@type":"SearchAction","target":{"@type":"EntryPoint","urlTemplate":"https:\/\/kenobi.meva.net\/hu-hu\/?s={search_term_string}"},"query-input":"required name=search_term_string"}],"inLanguage":"hu"}]}},"_links":{"self":[{"href":"https:\/\/kenobi.meva.net\/hu-hu\/wp-json\/wp\/v2\/pages\/4785"}],"collection":[{"href":"https:\/\/kenobi.meva.net\/hu-hu\/wp-json\/wp\/v2\/pages"}],"about":[{"href":"https:\/\/kenobi.meva.net\/hu-hu\/wp-json\/wp\/v2\/types\/page"}],"author":[{"embeddable":true,"href":"https:\/\/kenobi.meva.net\/hu-hu\/wp-json\/wp\/v2\/users\/7"}],"replies":[{"embeddable":true,"href":"https:\/\/kenobi.meva.net\/hu-hu\/wp-json\/wp\/v2\/comments?post=4785"}],"version-history":[{"count":3,"href":"https:\/\/kenobi.meva.net\/hu-hu\/wp-json\/wp\/v2\/pages\/4785\/revisions"}],"predecessor-version":[{"id":4817,"href":"https:\/\/kenobi.meva.net\/hu-hu\/wp-json\/wp\/v2\/pages\/4785\/revisions\/4817"}],"wp:attachment":[{"href":"https:\/\/kenobi.meva.net\/hu-hu\/wp-json\/wp\/v2\/media?parent=4785"}],"curies":[{"name":"wp","href":"https:\/\/api.w.org\/{rel}","templated":true}]}}