{"id":3496,"date":"2022-04-14T15:54:57","date_gmt":"2022-04-14T14:54:57","guid":{"rendered":"https:\/\/kenobi.meva.net\/fr-fr\/?page_id=3496"},"modified":"2022-05-11T11:21:09","modified_gmt":"2022-05-11T10:21:09","slug":"calculateur-etaiement-de-planchers-successifs","status":"publish","type":"page","link":"https:\/\/kenobi.meva.net\/fr-fr\/outils\/calculateur-etaiement-de-planchers-successifs\/","title":{"rendered":"Calculateur \u00e9taiement de planchers successifs"},"content":{"rendered":"","protected":false},"excerpt":{"rendered":"<p>MEVA a d\u00e9velopp\u00e9 cet outil de calcul en ligne pour calculer facilement la pression que le b\u00e9ton frais exercera sur un coffrage vertical (ou un coffrage inclin\u00e9 jusqu&rsquo;\u00e0 5 degr\u00e9s). Cela vous permet de concevoir et d&rsquo;utiliser des coffrages dont la capacit\u00e9 portante est suffisamment puissante pour supporter la pression du b\u00e9ton frais.<\/p>\n","protected":false},"author":1,"featured_media":3497,"parent":3490,"menu_order":0,"comment_status":"closed","ping_status":"closed","template":"template-calculator-reshoring.php","meta":[],"acf":[],"yoast_head":"<!-- This site is optimized with the Yoast SEO plugin v19.13 - https:\/\/yoast.com\/wordpress\/plugins\/seo\/ -->\n<title>Calculateur \u00e9taiement de planchers successifs - MEVA France (FR)<\/title>\n<meta name=\"description\" content=\"L&#039;outil de calcul en ligne de MEVA permet de calculer la pression que le b\u00e9ton frais exercera sur les coffrages verticaux. Cela vous permet de concevoir et d&#039;utiliser un coffrage dont la capacit\u00e9 de charge est suffisamment puissante pour supporter la pression du b\u00e9ton frais.\" \/>\n<meta name=\"robots\" content=\"index, follow, max-snippet:-1, max-image-preview:large, max-video-preview:-1\" \/>\n<link rel=\"canonical\" href=\"https:\/\/kenobi.meva.net\/fr-fr\/outils\/calculateur-etaiement-de-planchers-successifs\/\" \/>\n<meta property=\"og:locale\" content=\"fr_FR\" \/>\n<meta property=\"og:type\" content=\"article\" \/>\n<meta property=\"og:title\" content=\"Calculateur \u00e9taiement de planchers successifs - MEVA France (FR)\" \/>\n<meta property=\"og:description\" content=\"L&#039;outil de calcul en ligne de MEVA permet de calculer la pression que le b\u00e9ton frais exercera sur les coffrages verticaux. Cela vous permet de concevoir et d&#039;utiliser un coffrage dont la capacit\u00e9 de charge est suffisamment puissante pour supporter la pression du b\u00e9ton frais.\" \/>\n<meta property=\"og:url\" content=\"https:\/\/kenobi.meva.net\/fr-fr\/outils\/calculateur-etaiement-de-planchers-successifs\/\" \/>\n<meta property=\"og:site_name\" content=\"MEVA France (FR)\" \/>\n<meta property=\"article:modified_time\" content=\"2022-05-11T10:21:09+00:00\" \/>\n<meta property=\"og:image\" content=\"https:\/\/kenobi.meva.net\/fr-fr\/wp-content\/uploads\/sites\/7\/2022\/04\/concrete-pressure-calculate.jpeg\" \/>\n\t<meta property=\"og:image:width\" content=\"2560\" \/>\n\t<meta property=\"og:image:height\" content=\"1711\" \/>\n\t<meta property=\"og:image:type\" content=\"image\/jpeg\" \/>\n<meta name=\"twitter:card\" content=\"summary_large_image\" \/>\n<script type=\"application\/ld+json\" class=\"yoast-schema-graph\">{\"@context\":\"https:\/\/schema.org\",\"@graph\":[{\"@type\":\"WebPage\",\"@id\":\"https:\/\/kenobi.meva.net\/fr-fr\/outils\/calculateur-etaiement-de-planchers-successifs\/\",\"url\":\"https:\/\/kenobi.meva.net\/fr-fr\/outils\/calculateur-etaiement-de-planchers-successifs\/\",\"name\":\"Calculateur \u00e9taiement de planchers successifs - MEVA France (FR)\",\"isPartOf\":{\"@id\":\"https:\/\/kenobi.meva.net\/fr-fr\/#website\"},\"datePublished\":\"2022-04-14T14:54:57+00:00\",\"dateModified\":\"2022-05-11T10:21:09+00:00\",\"description\":\"L'outil de calcul en ligne de MEVA permet de calculer la pression que le b\u00e9ton frais exercera sur les coffrages verticaux. Cela vous permet de concevoir et d'utiliser un coffrage dont la capacit\u00e9 de charge est suffisamment puissante pour supporter la pression du b\u00e9ton frais.\",\"breadcrumb\":{\"@id\":\"https:\/\/kenobi.meva.net\/fr-fr\/outils\/calculateur-etaiement-de-planchers-successifs\/#breadcrumb\"},\"inLanguage\":\"fr-FR\",\"potentialAction\":[{\"@type\":\"ReadAction\",\"target\":[\"https:\/\/kenobi.meva.net\/fr-fr\/outils\/calculateur-etaiement-de-planchers-successifs\/\"]}]},{\"@type\":\"BreadcrumbList\",\"@id\":\"https:\/\/kenobi.meva.net\/fr-fr\/outils\/calculateur-etaiement-de-planchers-successifs\/#breadcrumb\",\"itemListElement\":[{\"@type\":\"ListItem\",\"position\":1,\"name\":\"Home\",\"item\":\"https:\/\/kenobi.meva.net\/fr-fr\/\"},{\"@type\":\"ListItem\",\"position\":2,\"name\":\"Outils\",\"item\":\"https:\/\/kenobi.meva.net\/fr-fr\/outils\/\"},{\"@type\":\"ListItem\",\"position\":3,\"name\":\"Calculateur \u00e9taiement de planchers successifs\"}]},{\"@type\":\"WebSite\",\"@id\":\"https:\/\/kenobi.meva.net\/fr-fr\/#website\",\"url\":\"https:\/\/kenobi.meva.net\/fr-fr\/\",\"name\":\"MEVA France (FR)\",\"description\":\"Just another MEVA Sites site\",\"potentialAction\":[{\"@type\":\"SearchAction\",\"target\":{\"@type\":\"EntryPoint\",\"urlTemplate\":\"https:\/\/kenobi.meva.net\/fr-fr\/?s={search_term_string}\"},\"query-input\":\"required name=search_term_string\"}],\"inLanguage\":\"fr-FR\"}]}<\/script>\n<!-- \/ Yoast SEO plugin. -->","yoast_head_json":{"title":"Calculateur \u00e9taiement de planchers successifs - MEVA France (FR)","description":"L'outil de calcul en ligne de MEVA permet de calculer la pression que le b\u00e9ton frais exercera sur les coffrages verticaux. Cela vous permet de concevoir et d'utiliser un coffrage dont la capacit\u00e9 de charge est suffisamment puissante pour supporter la pression du b\u00e9ton frais.","robots":{"index":"index","follow":"follow","max-snippet":"max-snippet:-1","max-image-preview":"max-image-preview:large","max-video-preview":"max-video-preview:-1"},"canonical":"https:\/\/kenobi.meva.net\/fr-fr\/outils\/calculateur-etaiement-de-planchers-successifs\/","og_locale":"fr_FR","og_type":"article","og_title":"Calculateur \u00e9taiement de planchers successifs - MEVA France (FR)","og_description":"L'outil de calcul en ligne de MEVA permet de calculer la pression que le b\u00e9ton frais exercera sur les coffrages verticaux. Cela vous permet de concevoir et d'utiliser un coffrage dont la capacit\u00e9 de charge est suffisamment puissante pour supporter la pression du b\u00e9ton frais.","og_url":"https:\/\/kenobi.meva.net\/fr-fr\/outils\/calculateur-etaiement-de-planchers-successifs\/","og_site_name":"MEVA France (FR)","article_modified_time":"2022-05-11T10:21:09+00:00","og_image":[{"width":2560,"height":1711,"url":"https:\/\/kenobi.meva.net\/fr-fr\/wp-content\/uploads\/sites\/7\/2022\/04\/concrete-pressure-calculate.jpeg","type":"image\/jpeg"}],"twitter_card":"summary_large_image","schema":{"@context":"https:\/\/schema.org","@graph":[{"@type":"WebPage","@id":"https:\/\/kenobi.meva.net\/fr-fr\/outils\/calculateur-etaiement-de-planchers-successifs\/","url":"https:\/\/kenobi.meva.net\/fr-fr\/outils\/calculateur-etaiement-de-planchers-successifs\/","name":"Calculateur \u00e9taiement de planchers successifs - MEVA France (FR)","isPartOf":{"@id":"https:\/\/kenobi.meva.net\/fr-fr\/#website"},"datePublished":"2022-04-14T14:54:57+00:00","dateModified":"2022-05-11T10:21:09+00:00","description":"L'outil de calcul en ligne de MEVA permet de calculer la pression que le b\u00e9ton frais exercera sur les coffrages verticaux. Cela vous permet de concevoir et d'utiliser un coffrage dont la capacit\u00e9 de charge est suffisamment puissante pour supporter la pression du b\u00e9ton frais.","breadcrumb":{"@id":"https:\/\/kenobi.meva.net\/fr-fr\/outils\/calculateur-etaiement-de-planchers-successifs\/#breadcrumb"},"inLanguage":"fr-FR","potentialAction":[{"@type":"ReadAction","target":["https:\/\/kenobi.meva.net\/fr-fr\/outils\/calculateur-etaiement-de-planchers-successifs\/"]}]},{"@type":"BreadcrumbList","@id":"https:\/\/kenobi.meva.net\/fr-fr\/outils\/calculateur-etaiement-de-planchers-successifs\/#breadcrumb","itemListElement":[{"@type":"ListItem","position":1,"name":"Home","item":"https:\/\/kenobi.meva.net\/fr-fr\/"},{"@type":"ListItem","position":2,"name":"Outils","item":"https:\/\/kenobi.meva.net\/fr-fr\/outils\/"},{"@type":"ListItem","position":3,"name":"Calculateur \u00e9taiement de planchers successifs"}]},{"@type":"WebSite","@id":"https:\/\/kenobi.meva.net\/fr-fr\/#website","url":"https:\/\/kenobi.meva.net\/fr-fr\/","name":"MEVA France (FR)","description":"Just another MEVA Sites site","potentialAction":[{"@type":"SearchAction","target":{"@type":"EntryPoint","urlTemplate":"https:\/\/kenobi.meva.net\/fr-fr\/?s={search_term_string}"},"query-input":"required name=search_term_string"}],"inLanguage":"fr-FR"}]}},"_links":{"self":[{"href":"https:\/\/kenobi.meva.net\/fr-fr\/wp-json\/wp\/v2\/pages\/3496"}],"collection":[{"href":"https:\/\/kenobi.meva.net\/fr-fr\/wp-json\/wp\/v2\/pages"}],"about":[{"href":"https:\/\/kenobi.meva.net\/fr-fr\/wp-json\/wp\/v2\/types\/page"}],"author":[{"embeddable":true,"href":"https:\/\/kenobi.meva.net\/fr-fr\/wp-json\/wp\/v2\/users\/1"}],"replies":[{"embeddable":true,"href":"https:\/\/kenobi.meva.net\/fr-fr\/wp-json\/wp\/v2\/comments?post=3496"}],"version-history":[{"count":3,"href":"https:\/\/kenobi.meva.net\/fr-fr\/wp-json\/wp\/v2\/pages\/3496\/revisions"}],"predecessor-version":[{"id":3544,"href":"https:\/\/kenobi.meva.net\/fr-fr\/wp-json\/wp\/v2\/pages\/3496\/revisions\/3544"}],"up":[{"embeddable":true,"href":"https:\/\/kenobi.meva.net\/fr-fr\/wp-json\/wp\/v2\/pages\/3490"}],"wp:featuredmedia":[{"embeddable":true,"href":"https:\/\/kenobi.meva.net\/fr-fr\/wp-json\/wp\/v2\/media\/3497"}],"wp:attachment":[{"href":"https:\/\/kenobi.meva.net\/fr-fr\/wp-json\/wp\/v2\/media?parent=3496"}],"curies":[{"name":"wp","href":"https:\/\/api.w.org\/{rel}","templated":true}]}}