{"id":1096,"date":"2022-02-28T15:37:40","date_gmt":"2022-02-28T15:37:40","guid":{"rendered":"https:\/\/kenobi.meva.net\/fr-fr\/?page_id=1096"},"modified":"2022-05-25T13:28:24","modified_gmt":"2022-05-25T12:28:24","slug":"assistance-in-situ","status":"publish","type":"page","link":"https:\/\/kenobi.meva.net\/fr-fr\/services\/assistance-in-situ\/","title":{"rendered":"Assistance in situ"},"content":{"rendered":"","protected":false},"excerpt":{"rendered":"<p>L&rsquo;exp\u00e9rience acquise dans le cadre de milliers de projets internationaux au cours de plus de cinq d\u00e9cennies a montr\u00e9 que notre pr\u00e9sence sur votre chantier contribue de mani\u00e8re substantielle \u00e0 la r\u00e9ussite de votre projet.<\/p>\n","protected":false},"author":3,"featured_media":1097,"parent":1088,"menu_order":0,"comment_status":"closed","ping_status":"closed","template":"template-building-blocks-better.php","meta":[],"acf":[],"yoast_head":"<!-- This site is optimized with the Yoast SEO plugin v19.13 - https:\/\/yoast.com\/wordpress\/plugins\/seo\/ -->\n<title>Assistance in situ - MEVA France (FR)<\/title>\n<meta name=\"description\" content=\"MEVA propose une assistance sur site en compl\u00e9ment de ses produits de coffrage. Notre exp\u00e9rience a montr\u00e9 que notre pr\u00e9sence sur votre chantier contribue de mani\u00e8re substantielle \u00e0 la r\u00e9ussite de votre projet.\" \/>\n<meta name=\"robots\" content=\"index, follow, max-snippet:-1, max-image-preview:large, max-video-preview:-1\" \/>\n<link rel=\"canonical\" href=\"https:\/\/kenobi.meva.net\/fr-fr\/services\/assistance-in-situ\/\" \/>\n<meta property=\"og:locale\" content=\"fr_FR\" \/>\n<meta property=\"og:type\" content=\"article\" \/>\n<meta property=\"og:title\" content=\"Assistance in situ - MEVA France (FR)\" \/>\n<meta property=\"og:description\" content=\"MEVA propose une assistance sur site en compl\u00e9ment de ses produits de coffrage. Notre exp\u00e9rience a montr\u00e9 que notre pr\u00e9sence sur votre chantier contribue de mani\u00e8re substantielle \u00e0 la r\u00e9ussite de votre projet.\" \/>\n<meta property=\"og:url\" content=\"https:\/\/kenobi.meva.net\/fr-fr\/services\/assistance-in-situ\/\" \/>\n<meta property=\"og:site_name\" content=\"MEVA France (FR)\" \/>\n<meta property=\"article:modified_time\" content=\"2022-05-25T12:28:24+00:00\" \/>\n<meta property=\"og:image\" content=\"https:\/\/kenobi.meva.net\/fr-fr\/wp-content\/uploads\/sites\/7\/2022\/02\/meva-formwork-On-Site-Support.jpg\" \/>\n\t<meta property=\"og:image:width\" content=\"2500\" \/>\n\t<meta property=\"og:image:height\" content=\"1875\" \/>\n\t<meta property=\"og:image:type\" content=\"image\/jpeg\" \/>\n<meta name=\"twitter:card\" content=\"summary_large_image\" \/>\n<script type=\"application\/ld+json\" class=\"yoast-schema-graph\">{\"@context\":\"https:\/\/schema.org\",\"@graph\":[{\"@type\":\"WebPage\",\"@id\":\"https:\/\/kenobi.meva.net\/fr-fr\/services\/assistance-in-situ\/\",\"url\":\"https:\/\/kenobi.meva.net\/fr-fr\/services\/assistance-in-situ\/\",\"name\":\"Assistance in situ - MEVA France (FR)\",\"isPartOf\":{\"@id\":\"https:\/\/kenobi.meva.net\/fr-fr\/#website\"},\"datePublished\":\"2022-02-28T15:37:40+00:00\",\"dateModified\":\"2022-05-25T12:28:24+00:00\",\"description\":\"MEVA propose une assistance sur site en compl\u00e9ment de ses produits de coffrage. Notre exp\u00e9rience a montr\u00e9 que notre pr\u00e9sence sur votre chantier contribue de mani\u00e8re substantielle \u00e0 la r\u00e9ussite de votre projet.\",\"breadcrumb\":{\"@id\":\"https:\/\/kenobi.meva.net\/fr-fr\/services\/assistance-in-situ\/#breadcrumb\"},\"inLanguage\":\"fr-FR\",\"potentialAction\":[{\"@type\":\"ReadAction\",\"target\":[\"https:\/\/kenobi.meva.net\/fr-fr\/services\/assistance-in-situ\/\"]}]},{\"@type\":\"BreadcrumbList\",\"@id\":\"https:\/\/kenobi.meva.net\/fr-fr\/services\/assistance-in-situ\/#breadcrumb\",\"itemListElement\":[{\"@type\":\"ListItem\",\"position\":1,\"name\":\"Home\",\"item\":\"https:\/\/kenobi.meva.net\/fr-fr\/\"},{\"@type\":\"ListItem\",\"position\":2,\"name\":\"Services\",\"item\":\"https:\/\/kenobi.meva.net\/fr-fr\/services\/\"},{\"@type\":\"ListItem\",\"position\":3,\"name\":\"Assistance in situ\"}]},{\"@type\":\"WebSite\",\"@id\":\"https:\/\/kenobi.meva.net\/fr-fr\/#website\",\"url\":\"https:\/\/kenobi.meva.net\/fr-fr\/\",\"name\":\"MEVA France (FR)\",\"description\":\"Just another MEVA Sites site\",\"potentialAction\":[{\"@type\":\"SearchAction\",\"target\":{\"@type\":\"EntryPoint\",\"urlTemplate\":\"https:\/\/kenobi.meva.net\/fr-fr\/?s={search_term_string}\"},\"query-input\":\"required name=search_term_string\"}],\"inLanguage\":\"fr-FR\"}]}<\/script>\n<!-- \/ Yoast SEO plugin. -->","yoast_head_json":{"title":"Assistance in situ - MEVA France (FR)","description":"MEVA propose une assistance sur site en compl\u00e9ment de ses produits de coffrage. Notre exp\u00e9rience a montr\u00e9 que notre pr\u00e9sence sur votre chantier contribue de mani\u00e8re substantielle \u00e0 la r\u00e9ussite de votre projet.","robots":{"index":"index","follow":"follow","max-snippet":"max-snippet:-1","max-image-preview":"max-image-preview:large","max-video-preview":"max-video-preview:-1"},"canonical":"https:\/\/kenobi.meva.net\/fr-fr\/services\/assistance-in-situ\/","og_locale":"fr_FR","og_type":"article","og_title":"Assistance in situ - MEVA France (FR)","og_description":"MEVA propose une assistance sur site en compl\u00e9ment de ses produits de coffrage. Notre exp\u00e9rience a montr\u00e9 que notre pr\u00e9sence sur votre chantier contribue de mani\u00e8re substantielle \u00e0 la r\u00e9ussite de votre projet.","og_url":"https:\/\/kenobi.meva.net\/fr-fr\/services\/assistance-in-situ\/","og_site_name":"MEVA France (FR)","article_modified_time":"2022-05-25T12:28:24+00:00","og_image":[{"width":2500,"height":1875,"url":"https:\/\/kenobi.meva.net\/fr-fr\/wp-content\/uploads\/sites\/7\/2022\/02\/meva-formwork-On-Site-Support.jpg","type":"image\/jpeg"}],"twitter_card":"summary_large_image","schema":{"@context":"https:\/\/schema.org","@graph":[{"@type":"WebPage","@id":"https:\/\/kenobi.meva.net\/fr-fr\/services\/assistance-in-situ\/","url":"https:\/\/kenobi.meva.net\/fr-fr\/services\/assistance-in-situ\/","name":"Assistance in situ - MEVA France (FR)","isPartOf":{"@id":"https:\/\/kenobi.meva.net\/fr-fr\/#website"},"datePublished":"2022-02-28T15:37:40+00:00","dateModified":"2022-05-25T12:28:24+00:00","description":"MEVA propose une assistance sur site en compl\u00e9ment de ses produits de coffrage. Notre exp\u00e9rience a montr\u00e9 que notre pr\u00e9sence sur votre chantier contribue de mani\u00e8re substantielle \u00e0 la r\u00e9ussite de votre projet.","breadcrumb":{"@id":"https:\/\/kenobi.meva.net\/fr-fr\/services\/assistance-in-situ\/#breadcrumb"},"inLanguage":"fr-FR","potentialAction":[{"@type":"ReadAction","target":["https:\/\/kenobi.meva.net\/fr-fr\/services\/assistance-in-situ\/"]}]},{"@type":"BreadcrumbList","@id":"https:\/\/kenobi.meva.net\/fr-fr\/services\/assistance-in-situ\/#breadcrumb","itemListElement":[{"@type":"ListItem","position":1,"name":"Home","item":"https:\/\/kenobi.meva.net\/fr-fr\/"},{"@type":"ListItem","position":2,"name":"Services","item":"https:\/\/kenobi.meva.net\/fr-fr\/services\/"},{"@type":"ListItem","position":3,"name":"Assistance in situ"}]},{"@type":"WebSite","@id":"https:\/\/kenobi.meva.net\/fr-fr\/#website","url":"https:\/\/kenobi.meva.net\/fr-fr\/","name":"MEVA France (FR)","description":"Just another MEVA Sites site","potentialAction":[{"@type":"SearchAction","target":{"@type":"EntryPoint","urlTemplate":"https:\/\/kenobi.meva.net\/fr-fr\/?s={search_term_string}"},"query-input":"required name=search_term_string"}],"inLanguage":"fr-FR"}]}},"_links":{"self":[{"href":"https:\/\/kenobi.meva.net\/fr-fr\/wp-json\/wp\/v2\/pages\/1096"}],"collection":[{"href":"https:\/\/kenobi.meva.net\/fr-fr\/wp-json\/wp\/v2\/pages"}],"about":[{"href":"https:\/\/kenobi.meva.net\/fr-fr\/wp-json\/wp\/v2\/types\/page"}],"author":[{"embeddable":true,"href":"https:\/\/kenobi.meva.net\/fr-fr\/wp-json\/wp\/v2\/users\/3"}],"replies":[{"embeddable":true,"href":"https:\/\/kenobi.meva.net\/fr-fr\/wp-json\/wp\/v2\/comments?post=1096"}],"version-history":[{"count":9,"href":"https:\/\/kenobi.meva.net\/fr-fr\/wp-json\/wp\/v2\/pages\/1096\/revisions"}],"predecessor-version":[{"id":3823,"href":"https:\/\/kenobi.meva.net\/fr-fr\/wp-json\/wp\/v2\/pages\/1096\/revisions\/3823"}],"up":[{"embeddable":true,"href":"https:\/\/kenobi.meva.net\/fr-fr\/wp-json\/wp\/v2\/pages\/1088"}],"wp:featuredmedia":[{"embeddable":true,"href":"https:\/\/kenobi.meva.net\/fr-fr\/wp-json\/wp\/v2\/media\/1097"}],"wp:attachment":[{"href":"https:\/\/kenobi.meva.net\/fr-fr\/wp-json\/wp\/v2\/media?parent=1096"}],"curies":[{"name":"wp","href":"https:\/\/api.w.org\/{rel}","templated":true}]}}