{"id":9327,"date":"2022-11-15T15:22:16","date_gmt":"2022-11-15T15:22:16","guid":{"rendered":"https:\/\/kenobi.meva.net\/de-ch\/?page_id=9327"},"modified":"2022-12-01T07:51:45","modified_gmt":"2022-12-01T07:51:45","slug":"gebrauchtschalungen","status":"publish","type":"page","link":"https:\/\/kenobi.meva.net\/de-ch\/gebrauchtschalungen\/","title":{"rendered":"Gebrauchtschalungen von MEVA"},"content":{"rendered":"","protected":false},"excerpt":{"rendered":"","protected":false},"author":7,"featured_media":0,"parent":0,"menu_order":0,"comment_status":"closed","ping_status":"closed","template":"template-building-blocks-better.php","meta":[],"acf":[],"yoast_head":"<!-- This site is optimized with the Yoast SEO plugin v19.13 - https:\/\/yoast.com\/wordpress\/plugins\/seo\/ -->\n<title>Gebrauchtschalungen - gepr\u00fcfte Qualit\u00e4t mit mehrj\u00e4hriger Garantie - MEVA Schweiz (DE)<\/title>\n<meta name=\"description\" content=\"MEVA steht f\u00fcr h\u00f6chste Qualit\u00e4t. Deshalb bieten wir f\u00fcr unsere Gebrauchtschalungen eine mehrj\u00e4hrige Garantie* auf Rahmen und alkus Vollkunststoffplatte. Das bedeutet f\u00fcr Sie: hohe Planungssicherheit und Wirtschaftlichkeit \u2013 doppelt garantiert.\" \/>\n<meta name=\"robots\" content=\"index, follow, max-snippet:-1, max-image-preview:large, max-video-preview:-1\" \/>\n<link rel=\"canonical\" href=\"https:\/\/kenobi.meva.net\/de-ch\/gebrauchtschalungen\/\" \/>\n<meta property=\"og:locale\" content=\"de_DE\" \/>\n<meta property=\"og:type\" content=\"article\" \/>\n<meta property=\"og:title\" content=\"Gebrauchtschalungen - gepr\u00fcfte Qualit\u00e4t mit mehrj\u00e4hriger Garantie - MEVA Schweiz (DE)\" \/>\n<meta property=\"og:description\" content=\"MEVA steht f\u00fcr h\u00f6chste Qualit\u00e4t. Deshalb bieten wir f\u00fcr unsere Gebrauchtschalungen eine mehrj\u00e4hrige Garantie* auf Rahmen und alkus Vollkunststoffplatte. Das bedeutet f\u00fcr Sie: hohe Planungssicherheit und Wirtschaftlichkeit \u2013 doppelt garantiert.\" \/>\n<meta property=\"og:url\" content=\"https:\/\/kenobi.meva.net\/de-ch\/gebrauchtschalungen\/\" \/>\n<meta property=\"og:site_name\" content=\"MEVA Schweiz (DE)\" \/>\n<meta property=\"article:modified_time\" content=\"2022-12-01T07:51:45+00:00\" \/>\n<meta name=\"twitter:card\" content=\"summary_large_image\" \/>\n<script type=\"application\/ld+json\" class=\"yoast-schema-graph\">{\"@context\":\"https:\/\/schema.org\",\"@graph\":[{\"@type\":\"WebPage\",\"@id\":\"https:\/\/kenobi.meva.net\/de-ch\/gebrauchtschalungen\/\",\"url\":\"https:\/\/kenobi.meva.net\/de-ch\/gebrauchtschalungen\/\",\"name\":\"Gebrauchtschalungen - gepr\u00fcfte Qualit\u00e4t mit mehrj\u00e4hriger Garantie - MEVA Schweiz (DE)\",\"isPartOf\":{\"@id\":\"https:\/\/kenobi.meva.net\/de-ch\/#website\"},\"datePublished\":\"2022-11-15T15:22:16+00:00\",\"dateModified\":\"2022-12-01T07:51:45+00:00\",\"description\":\"MEVA steht f\u00fcr h\u00f6chste Qualit\u00e4t. Deshalb bieten wir f\u00fcr unsere Gebrauchtschalungen eine mehrj\u00e4hrige Garantie* auf Rahmen und alkus Vollkunststoffplatte. Das bedeutet f\u00fcr Sie: hohe Planungssicherheit und Wirtschaftlichkeit \u2013 doppelt garantiert.\",\"breadcrumb\":{\"@id\":\"https:\/\/kenobi.meva.net\/de-ch\/gebrauchtschalungen\/#breadcrumb\"},\"inLanguage\":\"de-CH\",\"potentialAction\":[{\"@type\":\"ReadAction\",\"target\":[\"https:\/\/kenobi.meva.net\/de-ch\/gebrauchtschalungen\/\"]}]},{\"@type\":\"BreadcrumbList\",\"@id\":\"https:\/\/kenobi.meva.net\/de-ch\/gebrauchtschalungen\/#breadcrumb\",\"itemListElement\":[{\"@type\":\"ListItem\",\"position\":1,\"name\":\"Home\",\"item\":\"https:\/\/kenobi.meva.net\/de-ch\/\"},{\"@type\":\"ListItem\",\"position\":2,\"name\":\"Gebrauchtschalungen von MEVA\"}]},{\"@type\":\"WebSite\",\"@id\":\"https:\/\/kenobi.meva.net\/de-ch\/#website\",\"url\":\"https:\/\/kenobi.meva.net\/de-ch\/\",\"name\":\"MEVA Schweiz\",\"description\":\"\",\"potentialAction\":[{\"@type\":\"SearchAction\",\"target\":{\"@type\":\"EntryPoint\",\"urlTemplate\":\"https:\/\/kenobi.meva.net\/de-ch\/?s={search_term_string}\"},\"query-input\":\"required name=search_term_string\"}],\"inLanguage\":\"de-CH\"}]}<\/script>\n<!-- \/ Yoast SEO plugin. -->","yoast_head_json":{"title":"Gebrauchtschalungen - gepr\u00fcfte Qualit\u00e4t mit mehrj\u00e4hriger Garantie - MEVA Schweiz (DE)","description":"MEVA steht f\u00fcr h\u00f6chste Qualit\u00e4t. Deshalb bieten wir f\u00fcr unsere Gebrauchtschalungen eine mehrj\u00e4hrige Garantie* auf Rahmen und alkus Vollkunststoffplatte. Das bedeutet f\u00fcr Sie: hohe Planungssicherheit und Wirtschaftlichkeit \u2013 doppelt garantiert.","robots":{"index":"index","follow":"follow","max-snippet":"max-snippet:-1","max-image-preview":"max-image-preview:large","max-video-preview":"max-video-preview:-1"},"canonical":"https:\/\/kenobi.meva.net\/de-ch\/gebrauchtschalungen\/","og_locale":"de_DE","og_type":"article","og_title":"Gebrauchtschalungen - gepr\u00fcfte Qualit\u00e4t mit mehrj\u00e4hriger Garantie - MEVA Schweiz (DE)","og_description":"MEVA steht f\u00fcr h\u00f6chste Qualit\u00e4t. Deshalb bieten wir f\u00fcr unsere Gebrauchtschalungen eine mehrj\u00e4hrige Garantie* auf Rahmen und alkus Vollkunststoffplatte. Das bedeutet f\u00fcr Sie: hohe Planungssicherheit und Wirtschaftlichkeit \u2013 doppelt garantiert.","og_url":"https:\/\/kenobi.meva.net\/de-ch\/gebrauchtschalungen\/","og_site_name":"MEVA Schweiz (DE)","article_modified_time":"2022-12-01T07:51:45+00:00","twitter_card":"summary_large_image","schema":{"@context":"https:\/\/schema.org","@graph":[{"@type":"WebPage","@id":"https:\/\/kenobi.meva.net\/de-ch\/gebrauchtschalungen\/","url":"https:\/\/kenobi.meva.net\/de-ch\/gebrauchtschalungen\/","name":"Gebrauchtschalungen - gepr\u00fcfte Qualit\u00e4t mit mehrj\u00e4hriger Garantie - MEVA Schweiz (DE)","isPartOf":{"@id":"https:\/\/kenobi.meva.net\/de-ch\/#website"},"datePublished":"2022-11-15T15:22:16+00:00","dateModified":"2022-12-01T07:51:45+00:00","description":"MEVA steht f\u00fcr h\u00f6chste Qualit\u00e4t. Deshalb bieten wir f\u00fcr unsere Gebrauchtschalungen eine mehrj\u00e4hrige Garantie* auf Rahmen und alkus Vollkunststoffplatte. Das bedeutet f\u00fcr Sie: hohe Planungssicherheit und Wirtschaftlichkeit \u2013 doppelt garantiert.","breadcrumb":{"@id":"https:\/\/kenobi.meva.net\/de-ch\/gebrauchtschalungen\/#breadcrumb"},"inLanguage":"de-CH","potentialAction":[{"@type":"ReadAction","target":["https:\/\/kenobi.meva.net\/de-ch\/gebrauchtschalungen\/"]}]},{"@type":"BreadcrumbList","@id":"https:\/\/kenobi.meva.net\/de-ch\/gebrauchtschalungen\/#breadcrumb","itemListElement":[{"@type":"ListItem","position":1,"name":"Home","item":"https:\/\/kenobi.meva.net\/de-ch\/"},{"@type":"ListItem","position":2,"name":"Gebrauchtschalungen von MEVA"}]},{"@type":"WebSite","@id":"https:\/\/kenobi.meva.net\/de-ch\/#website","url":"https:\/\/kenobi.meva.net\/de-ch\/","name":"MEVA Schweiz","description":"","potentialAction":[{"@type":"SearchAction","target":{"@type":"EntryPoint","urlTemplate":"https:\/\/kenobi.meva.net\/de-ch\/?s={search_term_string}"},"query-input":"required name=search_term_string"}],"inLanguage":"de-CH"}]}},"_links":{"self":[{"href":"https:\/\/kenobi.meva.net\/de-ch\/wp-json\/wp\/v2\/pages\/9327"}],"collection":[{"href":"https:\/\/kenobi.meva.net\/de-ch\/wp-json\/wp\/v2\/pages"}],"about":[{"href":"https:\/\/kenobi.meva.net\/de-ch\/wp-json\/wp\/v2\/types\/page"}],"author":[{"embeddable":true,"href":"https:\/\/kenobi.meva.net\/de-ch\/wp-json\/wp\/v2\/users\/7"}],"replies":[{"embeddable":true,"href":"https:\/\/kenobi.meva.net\/de-ch\/wp-json\/wp\/v2\/comments?post=9327"}],"version-history":[{"count":5,"href":"https:\/\/kenobi.meva.net\/de-ch\/wp-json\/wp\/v2\/pages\/9327\/revisions"}],"predecessor-version":[{"id":9376,"href":"https:\/\/kenobi.meva.net\/de-ch\/wp-json\/wp\/v2\/pages\/9327\/revisions\/9376"}],"wp:attachment":[{"href":"https:\/\/kenobi.meva.net\/de-ch\/wp-json\/wp\/v2\/media?parent=9327"}],"curies":[{"name":"wp","href":"https:\/\/api.w.org\/{rel}","templated":true}]}}